{"id":2395,"date":"2024-04-10T14:17:28","date_gmt":"2024-04-10T12:17:28","guid":{"rendered":"https:\/\/br-military.com\/?page_id=2395"},"modified":"2025-01-22T16:14:56","modified_gmt":"2025-01-22T15:14:56","slug":"impressum","status":"publish","type":"page","link":"https:\/\/br-military.com\/de\/impressum\/","title":{"rendered":"Impressum"},"content":{"rendered":"\t\t<div data-elementor-type=\"wp-page\" data-elementor-id=\"2395\" class=\"elementor elementor-2395\" data-elementor-post-type=\"page\">\n\t\t\t\t<div data-particle_enable=\"false\" data-particle-mobile-disabled=\"false\" class=\"elementor-element elementor-element-2cd6c86e e-flex e-con-boxed e-con e-parent\" data-id=\"2cd6c86e\" data-element_type=\"container\" data-e-type=\"container\" data-settings=\"{&quot;background_background&quot;:&quot;classic&quot;,&quot;jet_parallax_layout_list&quot;:[]}\">\n\t\t\t\t\t<div class=\"e-con-inner\">\n\t\t\t\t<div class=\"elementor-element elementor-element-4533f23 elementor-widget elementor-widget-heading\" data-id=\"4533f23\" data-element_type=\"widget\" data-e-type=\"widget\" data-widget_type=\"heading.default\">\n\t\t\t\t<div class=\"elementor-widget-container\">\n\t\t\t\t\t<h1 class=\"elementor-heading-title elementor-size-default\">Impressum<\/h1>\t\t\t\t<\/div>\n\t\t\t\t<\/div>\n\t\t\t\t\t<\/div>\n\t\t\t\t<\/div>\n\t\t<div data-particle_enable=\"false\" data-particle-mobile-disabled=\"false\" class=\"elementor-element elementor-element-150f1b9 e-flex e-con-boxed e-con e-parent\" data-id=\"150f1b9\" data-element_type=\"container\" data-e-type=\"container\" data-settings=\"{&quot;jet_parallax_layout_list&quot;:[]}\">\n\t\t\t\t\t<div class=\"e-con-inner\">\n\t\t\t\t<div class=\"elementor-element elementor-element-64fb4b1 elementor-widget elementor-widget-text-editor\" data-id=\"64fb4b1\" data-element_type=\"widget\" data-e-type=\"widget\" data-widget_type=\"text-editor.default\">\n\t\t\t\t<div class=\"elementor-widget-container\">\n\t\t\t\t\t\t\t\t\t<p>BR ICS Military GmbH<br \/>Informationspflicht lt. \u00a7 5, Abs. 1 E-Commerce Gesetz<\/p>\t\t\t\t\t\t\t\t<\/div>\n\t\t\t\t<\/div>\n\t\t\t\t<div class=\"elementor-element elementor-element-03f5570 elementor-widget elementor-widget-heading\" data-id=\"03f5570\" data-element_type=\"widget\" data-e-type=\"widget\" data-widget_type=\"heading.default\">\n\t\t\t\t<div class=\"elementor-widget-container\">\n\t\t\t\t\t<h2 class=\"elementor-heading-title elementor-size-default\">Kontakt&shy;informationen<\/h2>\t\t\t\t<\/div>\n\t\t\t\t<\/div>\n\t\t\t\t<div class=\"elementor-element elementor-element-e2e525d elementor-widget elementor-widget-text-editor\" data-id=\"e2e525d\" data-element_type=\"widget\" data-e-type=\"widget\" data-widget_type=\"text-editor.default\">\n\t\t\t\t<div class=\"elementor-widget-container\">\n\t\t\t\t\t\t\t\t\t<p>BR ICS Military GmbH<br \/>Office Park 4, Top B.80<br \/>1300 Wien-Flughafen<br \/>\u00d6sterreich<\/p><p>Telefon: <a href=\"tel:+431700732354\">+43 1 7007 32354<\/a><br \/>E-Mail: <a href=\"mailto:office@br-military.com\">office@br-military.com<\/a><\/p>\t\t\t\t\t\t\t\t<\/div>\n\t\t\t\t<\/div>\n\t\t\t\t<div class=\"elementor-element elementor-element-b1e002f elementor-widget elementor-widget-heading\" data-id=\"b1e002f\" data-element_type=\"widget\" data-e-type=\"widget\" data-widget_type=\"heading.default\">\n\t\t\t\t<div class=\"elementor-widget-container\">\n\t\t\t\t\t<h2 class=\"elementor-heading-title elementor-size-default\">Management<\/h2>\t\t\t\t<\/div>\n\t\t\t\t<\/div>\n\t\t\t\t<div class=\"elementor-element elementor-element-6faca3a elementor-widget elementor-widget-text-editor\" data-id=\"6faca3a\" data-element_type=\"widget\" data-e-type=\"widget\" data-widget_type=\"text-editor.default\">\n\t\t\t\t<div class=\"elementor-widget-container\">\n\t\t\t\t\t\t\t\t\t<p>Gesch\u00e4ftsf\u00fchrer: Dominik Braun<br>Gesch\u00e4ftsf\u00fchrer: Armin Rechberger<\/p>\t\t\t\t\t\t\t\t<\/div>\n\t\t\t\t<\/div>\n\t\t\t\t<div class=\"elementor-element elementor-element-b2ac0c0 elementor-widget elementor-widget-heading\" data-id=\"b2ac0c0\" data-element_type=\"widget\" data-e-type=\"widget\" data-widget_type=\"heading.default\">\n\t\t\t\t<div class=\"elementor-widget-container\">\n\t\t\t\t\t<h2 class=\"elementor-heading-title elementor-size-default\">Weitere Informationen<\/h2>\t\t\t\t<\/div>\n\t\t\t\t<\/div>\n\t\t\t\t<div class=\"elementor-element elementor-element-b200306 elementor-widget elementor-widget-text-editor\" data-id=\"b200306\" data-element_type=\"widget\" data-e-type=\"widget\" data-widget_type=\"text-editor.default\">\n\t\t\t\t<div class=\"elementor-widget-container\">\n\t\t\t\t\t\t\t\t\t<p>Firmenbuchgericht: Handelsgericht Korneuburg<br \/>Firmenbuchnummer: FN 636676 p<br \/>UID-Nr.: ATU81224079<\/p><p>Zust\u00e4ndige Aufsichtsbeh\u00f6rde: Bezirkshauptmannschaft Bruck\/Leitha<\/p><p>Kammer: WKO, FG Spedition und Logistik; FG Gewerblicher Dienstleister<\/p><p>Unternehmensgegenstand: Beladen und Entladen von Verkehrsmitteln; Sammeln und Weitergeben von allgemein zug\u00e4nglichen Informationen<\/p><p>Verleihungsstaat: \u00d6sterreich<\/p>\t\t\t\t\t\t\t\t<\/div>\n\t\t\t\t<\/div>\n\t\t\t\t<div class=\"elementor-element elementor-element-0058e13 elementor-widget elementor-widget-heading\" data-id=\"0058e13\" data-element_type=\"widget\" data-e-type=\"widget\" data-widget_type=\"heading.default\">\n\t\t\t\t<div class=\"elementor-widget-container\">\n\t\t\t\t\t<h2 class=\"elementor-heading-title elementor-size-default\">Haftungs&shy;ausschluss<\/h2>\t\t\t\t<\/div>\n\t\t\t\t<\/div>\n\t\t\t\t<div class=\"elementor-element elementor-element-43a120b elementor-widget elementor-widget-text-editor\" data-id=\"43a120b\" data-element_type=\"widget\" data-e-type=\"widget\" data-widget_type=\"text-editor.default\">\n\t\t\t\t<div class=\"elementor-widget-container\">\n\t\t\t\t\t\t\t\t\t<p>Die Elemente auf der Website sind urheberrechtlich gesch\u00fctzt und d\u00fcrfen weder ganz noch teilweise imitiert oder kopiert werden. Kein Logo, Grafik, Sound oder Bild von dieser Website darf kopiert oder weiterverbreitet werden, sofern dies nicht ausdr\u00fccklich durch BR ICS Military erlaubt wurde. Jeglicher Missbrauch soll an <a href=\"mailto:office@br-military.com\">office@br-military.com<\/a> gemeldet werden.<\/p>\t\t\t\t\t\t\t\t<\/div>\n\t\t\t\t<\/div>\n\t\t\t\t<div class=\"elementor-element elementor-element-aae360a elementor-widget elementor-widget-text-editor\" data-id=\"aae360a\" data-element_type=\"widget\" data-e-type=\"widget\" data-widget_type=\"text-editor.default\">\n\t\t\t\t<div class=\"elementor-widget-container\">\n\t\t\t\t\t\t\t\t\t<p>Bei direkten oder indirekten Verweisen auf fremde Webseiten (\u201eHyperlinks\u201c), die au\u00dferhalb des Verantwortungsbereiches von BR ICS Military liegen, w\u00fcrde eine Haftungsverpflichtung ausschlie\u00dflich in dem Fall in Kraft treten, in welcher BR ICS Military von den Inhalten Kenntnis hat und es technisch m\u00f6glich und zumutbar w\u00e4re, die Nutzung im Falle rechtswidriger Inhalte zu verhindern. BR ICS Military erkl\u00e4rt hiermit ausdr\u00fccklich, dass zum Zeitpunkt der Linksetzung keine illegalen Inhalte auf den zu verlinkenden Seiten erkennbar waren. Auf die aktuelle und zuk\u00fcnftige Gestaltung, die Inhalte oder die Urheberschaft der gelinkten\/verkn\u00fcpften Seiten hat BR ICS Military keinerlei Einfluss. Deshalb distanziert BR ICS Military sich hiermit ausdr\u00fccklich von allen Inhalten aller gelinkten\/verkn\u00fcpften Seiten, die nach der Linksetzung ver\u00e4ndert wurden. Diese Feststellung gilt f\u00fcr alle innerhalb des eigenen Internetangebotes gesetzten Links und Verweise. F\u00fcr illegale, fehlerhafte oder unvollst\u00e4ndige Inhalte und insbesondere f\u00fcr Sch\u00e4den, die aus der Nutzung oder Nichtnutzung solcherart dargebotener Informationen entstehen, haftet allein der Anbieter der Seite, auf welche verwiesen wurde, nicht derjenige, der \u00fcber Links auf die jeweilige Ver\u00f6ffentlichung lediglich verweist<\/p>\t\t\t\t\t\t\t\t<\/div>\n\t\t\t\t<\/div>\n\t\t\t\t<div class=\"elementor-element elementor-element-623d96b elementor-widget elementor-widget-heading\" data-id=\"623d96b\" data-element_type=\"widget\" data-e-type=\"widget\" data-widget_type=\"heading.default\">\n\t\t\t\t<div class=\"elementor-widget-container\">\n\t\t\t\t\t<h2 class=\"elementor-heading-title elementor-size-default\">Bildnachweis<\/h2>\t\t\t\t<\/div>\n\t\t\t\t<\/div>\n\t\t\t\t<div class=\"elementor-element elementor-element-63b4d96 elementor-widget elementor-widget-text-editor\" data-id=\"63b4d96\" data-element_type=\"widget\" data-e-type=\"widget\" data-widget_type=\"text-editor.default\">\n\t\t\t\t<div class=\"elementor-widget-container\">\n\t\t\t\t\t\t\t\t\t<p>Die Bilderrechte liegen bei den folgenden Fotografen und Plattformen:<\/p><ul><li><a href=\"https:\/\/lang-bichl.at\/\" target=\"_blank\" rel=\"noopener\">Markus Lang-Bichl<\/a><\/li><li>Adobe Stock<\/li><\/ul>\t\t\t\t\t\t\t\t<\/div>\n\t\t\t\t<\/div>\n\t\t\t\t\t<\/div>\n\t\t\t\t<\/div>\n\t\t\t\t<\/div>\n\t\t","protected":false},"excerpt":{"rendered":"<p>Impressum BR ICS Military GmbHInformationspflicht lt. \u00a7 5, Abs. 1 E-Commerce Gesetz Kontakt&shy;informationen BR ICS Military GmbHOffice Park 4, Top B.801300 Wien-Flughafen\u00d6sterreich Telefon: +43 1 7007 32354E-Mail: office@br-military.com Management Gesch\u00e4ftsf\u00fchrer: Dominik BraunGesch\u00e4ftsf\u00fchrer: Armin Rechberger Weitere Informationen Firmenbuchgericht: Handelsgericht KorneuburgFirmenbuchnummer: FN 636676 pUID-Nr.: ATU81224079 Zust\u00e4ndige Aufsichtsbeh\u00f6rde: Bezirkshauptmannschaft Bruck\/Leitha Kammer: WKO, FG Spedition und Logistik; FG Gewerblicher [&hellip;]<\/p>\n","protected":false},"author":3,"featured_media":0,"parent":0,"menu_order":0,"comment_status":"closed","ping_status":"closed","template":"","meta":{"footnotes":""},"class_list":["post-2395","page","type-page","status-publish","hentry"],"yoast_head":"<!-- This site is optimized with the Yoast SEO plugin v27.5 - https:\/\/yoast.com\/product\/yoast-seo-wordpress\/ -->\n<title>Impressum - BR ICS Military<\/title>\n<meta name=\"robots\" content=\"noindex, follow\" \/>\n<meta property=\"og:locale\" content=\"de_DE\" \/>\n<meta property=\"og:type\" content=\"article\" \/>\n<meta property=\"og:title\" content=\"Impressum - BR ICS Military\" \/>\n<meta property=\"og:description\" content=\"Impressum BR ICS Military GmbHInformationspflicht lt. \u00a7 5, Abs. 1 E-Commerce Gesetz Kontakt&shy;informationen BR ICS Military GmbHOffice Park 4, Top B.801300 Wien-Flughafen\u00d6sterreich Telefon: +43 1 7007 32354E-Mail: office@br-military.com Management Gesch\u00e4ftsf\u00fchrer: Dominik BraunGesch\u00e4ftsf\u00fchrer: Armin Rechberger Weitere Informationen Firmenbuchgericht: Handelsgericht KorneuburgFirmenbuchnummer: FN 636676 pUID-Nr.: ATU81224079 Zust\u00e4ndige Aufsichtsbeh\u00f6rde: Bezirkshauptmannschaft Bruck\/Leitha Kammer: WKO, FG Spedition und Logistik; FG Gewerblicher [&hellip;]\" \/>\n<meta property=\"og:url\" content=\"https:\/\/br-military.com\/de\/impressum\/\" \/>\n<meta property=\"og:site_name\" content=\"BR ICS Military\" \/>\n<meta property=\"article:publisher\" content=\"https:\/\/www.facebook.com\/BR.International.Consulting.Services.GmbH\" \/>\n<meta property=\"article:modified_time\" content=\"2025-01-22T15:14:56+00:00\" \/>\n<meta property=\"og:image\" content=\"https:\/\/br-military.com\/wp-content\/uploads\/sites\/32\/2023\/02\/schienen-sonnenuntergang-hintergrund.webp\" \/>\n\t<meta property=\"og:image:width\" content=\"2000\" \/>\n\t<meta property=\"og:image:height\" content=\"1286\" \/>\n\t<meta property=\"og:image:type\" content=\"image\/webp\" \/>\n<meta name=\"twitter:card\" content=\"summary_large_image\" \/>\n<meta name=\"twitter:label1\" content=\"Gesch\u00e4tzte Lesezeit\" \/>\n\t<meta name=\"twitter:data1\" content=\"2\u00a0Minuten\" \/>\n<script type=\"application\/ld+json\" class=\"yoast-schema-graph\">{\"@context\":\"https:\\\/\\\/schema.org\",\"@graph\":[{\"@type\":\"WebPage\",\"@id\":\"https:\\\/\\\/br-military.com\\\/de\\\/impressum\\\/\",\"url\":\"https:\\\/\\\/br-military.com\\\/de\\\/impressum\\\/\",\"name\":\"Impressum - BR ICS Military\",\"isPartOf\":{\"@id\":\"https:\\\/\\\/br-military.com\\\/de\\\/#website\"},\"datePublished\":\"2024-04-10T12:17:28+00:00\",\"dateModified\":\"2025-01-22T15:14:56+00:00\",\"breadcrumb\":{\"@id\":\"https:\\\/\\\/br-military.com\\\/de\\\/impressum\\\/#breadcrumb\"},\"inLanguage\":\"de\",\"potentialAction\":[{\"@type\":\"ReadAction\",\"target\":[\"https:\\\/\\\/br-military.com\\\/de\\\/impressum\\\/\"]}]},{\"@type\":\"BreadcrumbList\",\"@id\":\"https:\\\/\\\/br-military.com\\\/de\\\/impressum\\\/#breadcrumb\",\"itemListElement\":[{\"@type\":\"ListItem\",\"position\":1,\"name\":\"Startseite\",\"item\":\"https:\\\/\\\/br-military.com\\\/de\\\/\"},{\"@type\":\"ListItem\",\"position\":2,\"name\":\"Impressum\"}]},{\"@type\":\"WebSite\",\"@id\":\"https:\\\/\\\/br-military.com\\\/de\\\/#website\",\"url\":\"https:\\\/\\\/br-military.com\\\/de\\\/\",\"name\":\"BR ICS Military\",\"description\":\"developing logistic solutions - unique in Europe\",\"publisher\":{\"@id\":\"https:\\\/\\\/br-military.com\\\/de\\\/#organization\"},\"alternateName\":\"BR ICS\",\"potentialAction\":[{\"@type\":\"SearchAction\",\"target\":{\"@type\":\"EntryPoint\",\"urlTemplate\":\"https:\\\/\\\/br-military.com\\\/de\\\/?s={search_term_string}\"},\"query-input\":{\"@type\":\"PropertyValueSpecification\",\"valueRequired\":true,\"valueName\":\"search_term_string\"}}],\"inLanguage\":\"de\"},{\"@type\":\"Organization\",\"@id\":\"https:\\\/\\\/br-military.com\\\/de\\\/#organization\",\"name\":\"BR International Consulting Services GmbH\",\"url\":\"https:\\\/\\\/br-military.com\\\/de\\\/\",\"logo\":{\"@type\":\"ImageObject\",\"inLanguage\":\"de\",\"@id\":\"https:\\\/\\\/br-military.com\\\/de\\\/#\\\/schema\\\/logo\\\/image\\\/\",\"url\":\"https:\\\/\\\/br-military.com\\\/wp-content\\\/uploads\\\/sites\\\/32\\\/2025\\\/01\\\/logo-br-ics-military.webp\",\"contentUrl\":\"https:\\\/\\\/br-military.com\\\/wp-content\\\/uploads\\\/sites\\\/32\\\/2025\\\/01\\\/logo-br-ics-military.webp\",\"width\":350,\"height\":101,\"caption\":\"BR International Consulting Services GmbH\"},\"image\":{\"@id\":\"https:\\\/\\\/br-military.com\\\/de\\\/#\\\/schema\\\/logo\\\/image\\\/\"},\"sameAs\":[\"https:\\\/\\\/www.facebook.com\\\/BR.International.Consulting.Services.GmbH\",\"https:\\\/\\\/www.instagram.com\\\/br_ics\\\/\",\"https:\\\/\\\/www.linkedin.com\\\/company\\\/br-international-consulting-services-gmbh\"]}]}<\/script>\n<!-- \/ Yoast SEO plugin. -->","yoast_head_json":{"title":"Impressum - BR ICS Military","robots":{"index":"noindex","follow":"follow"},"og_locale":"de_DE","og_type":"article","og_title":"Impressum - BR ICS Military","og_description":"Impressum BR ICS Military GmbHInformationspflicht lt. \u00a7 5, Abs. 1 E-Commerce Gesetz Kontakt&shy;informationen BR ICS Military GmbHOffice Park 4, Top B.801300 Wien-Flughafen\u00d6sterreich Telefon: +43 1 7007 32354E-Mail: office@br-military.com Management Gesch\u00e4ftsf\u00fchrer: Dominik BraunGesch\u00e4ftsf\u00fchrer: Armin Rechberger Weitere Informationen Firmenbuchgericht: Handelsgericht KorneuburgFirmenbuchnummer: FN 636676 pUID-Nr.: ATU81224079 Zust\u00e4ndige Aufsichtsbeh\u00f6rde: Bezirkshauptmannschaft Bruck\/Leitha Kammer: WKO, FG Spedition und Logistik; FG Gewerblicher [&hellip;]","og_url":"https:\/\/br-military.com\/de\/impressum\/","og_site_name":"BR ICS Military","article_publisher":"https:\/\/www.facebook.com\/BR.International.Consulting.Services.GmbH","article_modified_time":"2025-01-22T15:14:56+00:00","og_image":[{"width":2000,"height":1286,"url":"https:\/\/br-military.com\/wp-content\/uploads\/sites\/32\/2023\/02\/schienen-sonnenuntergang-hintergrund.webp","type":"image\/webp"}],"twitter_card":"summary_large_image","twitter_misc":{"Gesch\u00e4tzte Lesezeit":"2\u00a0Minuten"},"schema":{"@context":"https:\/\/schema.org","@graph":[{"@type":"WebPage","@id":"https:\/\/br-military.com\/de\/impressum\/","url":"https:\/\/br-military.com\/de\/impressum\/","name":"Impressum - BR ICS Military","isPartOf":{"@id":"https:\/\/br-military.com\/de\/#website"},"datePublished":"2024-04-10T12:17:28+00:00","dateModified":"2025-01-22T15:14:56+00:00","breadcrumb":{"@id":"https:\/\/br-military.com\/de\/impressum\/#breadcrumb"},"inLanguage":"de","potentialAction":[{"@type":"ReadAction","target":["https:\/\/br-military.com\/de\/impressum\/"]}]},{"@type":"BreadcrumbList","@id":"https:\/\/br-military.com\/de\/impressum\/#breadcrumb","itemListElement":[{"@type":"ListItem","position":1,"name":"Startseite","item":"https:\/\/br-military.com\/de\/"},{"@type":"ListItem","position":2,"name":"Impressum"}]},{"@type":"WebSite","@id":"https:\/\/br-military.com\/de\/#website","url":"https:\/\/br-military.com\/de\/","name":"BR ICS Military","description":"developing logistic solutions - unique in Europe","publisher":{"@id":"https:\/\/br-military.com\/de\/#organization"},"alternateName":"BR ICS","potentialAction":[{"@type":"SearchAction","target":{"@type":"EntryPoint","urlTemplate":"https:\/\/br-military.com\/de\/?s={search_term_string}"},"query-input":{"@type":"PropertyValueSpecification","valueRequired":true,"valueName":"search_term_string"}}],"inLanguage":"de"},{"@type":"Organization","@id":"https:\/\/br-military.com\/de\/#organization","name":"BR International Consulting Services GmbH","url":"https:\/\/br-military.com\/de\/","logo":{"@type":"ImageObject","inLanguage":"de","@id":"https:\/\/br-military.com\/de\/#\/schema\/logo\/image\/","url":"https:\/\/br-military.com\/wp-content\/uploads\/sites\/32\/2025\/01\/logo-br-ics-military.webp","contentUrl":"https:\/\/br-military.com\/wp-content\/uploads\/sites\/32\/2025\/01\/logo-br-ics-military.webp","width":350,"height":101,"caption":"BR International Consulting Services GmbH"},"image":{"@id":"https:\/\/br-military.com\/de\/#\/schema\/logo\/image\/"},"sameAs":["https:\/\/www.facebook.com\/BR.International.Consulting.Services.GmbH","https:\/\/www.instagram.com\/br_ics\/","https:\/\/www.linkedin.com\/company\/br-international-consulting-services-gmbh"]}]}},"_links":{"self":[{"href":"https:\/\/br-military.com\/de\/wp-json\/wp\/v2\/pages\/2395","targetHints":{"allow":["GET"]}}],"collection":[{"href":"https:\/\/br-military.com\/de\/wp-json\/wp\/v2\/pages"}],"about":[{"href":"https:\/\/br-military.com\/de\/wp-json\/wp\/v2\/types\/page"}],"author":[{"embeddable":true,"href":"https:\/\/br-military.com\/de\/wp-json\/wp\/v2\/users\/3"}],"replies":[{"embeddable":true,"href":"https:\/\/br-military.com\/de\/wp-json\/wp\/v2\/comments?post=2395"}],"version-history":[{"count":12,"href":"https:\/\/br-military.com\/de\/wp-json\/wp\/v2\/pages\/2395\/revisions"}],"predecessor-version":[{"id":3716,"href":"https:\/\/br-military.com\/de\/wp-json\/wp\/v2\/pages\/2395\/revisions\/3716"}],"wp:attachment":[{"href":"https:\/\/br-military.com\/de\/wp-json\/wp\/v2\/media?parent=2395"}],"curies":[{"name":"wp","href":"https:\/\/api.w.org\/{rel}","templated":true}]}}